{"id":548,"date":"2025-11-19T01:32:40","date_gmt":"2025-11-19T00:32:40","guid":{"rendered":"https:\/\/cabinet-souffoy-rittner.com\/?page_id=548"},"modified":"2026-01-06T17:17:12","modified_gmt":"2026-01-06T16:17:12","slug":"projet-lyynk","status":"publish","type":"page","link":"https:\/\/cabinet-souffoy-rittner.com\/index.php\/projet-lyynk\/","title":{"rendered":"Orientation Adolescent et Adulte"},"content":{"rendered":"\n<p><\/p>\n\n\n\n<p class=\"has-text-align-center\">L\u2019orientation est un enjeu majeur \u00e0 l\u2019adolescence, une p\u00e9riode o\u00f9 l\u2019on se construit, o\u00f9 l\u2019on se cherche et o\u00f9 l\u2019on commence \u00e0 faire des choix importants pour l\u2019avenir. Pour les adolescents, s\u2019orienter, c\u2019est apprendre \u00e0 mieux se conna\u00eetre, \u00e0 identifier ses talents, ses centres d\u2019int\u00e9r\u00eat et \u00e0 gagner en confiance en soi. Ces choix peuvent \u00eatre source de stress, de doutes ou de pression, mais ils sont aussi une formidable opportunit\u00e9 de se projeter et de donner du sens \u00e0 son parcours.<\/p>\n\n\n\n<p class=\"has-text-align-center\">Les parents jouent \u00e9galement un r\u00f4le essentiel dans cette \u00e9tape. Leur mission n\u2019est pas de d\u00e9cider \u00e0 la place de leur enfant, mais de l\u2019accompagner, de l\u2019\u00e9couter et de le soutenir. \u00catre pr\u00e9sent, rassurer, encourager l\u2019exploration et accepter les h\u00e9sitations permet \u00e0 l\u2019adolescent de construire un projet qui lui ressemble. Une orientation r\u00e9ussie est souvent le fruit d\u2019un dialogue de confiance entre l\u2019adolescent, sa famille et les adultes qui l\u2019entourent.<\/p>\n\n\n\n<p class=\"has-text-align-center\">Pour se faire, je suis accompagn\u00e9 par <strong>Sandrine SOUFFOY-RITTNER<\/strong>, th\u00e9rapeute holistique, qui n&rsquo;a de cesse de guider, orienter adolescent et parents dans cette qu\u00eate de sa voie d&rsquo;avenir qui concerne 75% de notre vie active.Pour cela deux programmes de suivi sur <strong>5 s\u00e9ances<\/strong>, appel\u00e9s respectivement  <strong>PROGRAMME AVENIR+ COLL\u00c8GE<\/strong> et<strong> PROJET + LYC\u00c9E<\/strong><\/p>\n\n\n\n<p><\/p>\n\n\n\n<p><strong>PROGRAMME AVENIR + COLL\u00c8GE :<\/strong><\/p>\n\n\n\n<p class=\"has-text-align-center\">De la<strong> 6\u00e8me \u00e0 la 3\u00e8me<\/strong>, <strong>Sandrine SOUFFOY-RITTNER<\/strong> sera vous guider en parfaite compr\u00e9hension <strong>des profils  neuroatypiques <\/strong>et en collaboration avec mes connaissances en tant que neuropsychologue pour pouvoir interagir avec les organismes scolaires et mettre en place des adaptations n\u00e9cessaires pour mettre \u00e0 bien le projet d&rsquo;orientation .<\/p>\n\n\n\n<figure class=\"wp-block-image size-full is-resized\"><img loading=\"lazy\" decoding=\"async\" width=\"595\" height=\"841\" src=\"https:\/\/cabinet-souffoy-rittner.com\/wp-content\/uploads\/2026\/01\/Avenir-College-CCAF-1-1.jpg\" alt=\"\" class=\"wp-image-730\" style=\"width:674px;height:auto\" srcset=\"https:\/\/cabinet-souffoy-rittner.com\/wp-content\/uploads\/2026\/01\/Avenir-College-CCAF-1-1.jpg 595w, https:\/\/cabinet-souffoy-rittner.com\/wp-content\/uploads\/2026\/01\/Avenir-College-CCAF-1-1-212x300.jpg 212w\" sizes=\"auto, (max-width: 595px) 100vw, 595px\" \/><\/figure>\n\n\n\n<figure class=\"wp-block-image size-full is-resized\"><img loading=\"lazy\" decoding=\"async\" width=\"595\" height=\"841\" src=\"https:\/\/cabinet-souffoy-rittner.com\/wp-content\/uploads\/2026\/01\/College-2.png.jpg\" alt=\"\" class=\"wp-image-729\" style=\"width:674px;height:auto\" srcset=\"https:\/\/cabinet-souffoy-rittner.com\/wp-content\/uploads\/2026\/01\/College-2.png.jpg 595w, https:\/\/cabinet-souffoy-rittner.com\/wp-content\/uploads\/2026\/01\/College-2.png-212x300.jpg 212w\" sizes=\"auto, (max-width: 595px) 100vw, 595px\" \/><\/figure>\n\n\n\n<p><\/p>\n\n\n\n<p><strong>PROGRAMME PROJET +  LYC\u00c9E :<\/strong><\/p>\n\n\n\n<p>De la<strong> 2\u00e8me aux \u00e9tudes sup\u00e9rieures <\/strong>, <strong>Sandrine SOUFFOY-RITTNER<\/strong> sera aider chaque profil a pr\u00e9ciser les possibilit\u00e9s de fili\u00e8res en fonction de ses r\u00e9sultats, de ses possibilit\u00e9s , de ses <strong>ancrages motivationelles  toutes fili\u00e8res confondues<\/strong>. vous guider en parfaite compr\u00e9hension <strong>des profils  neuroatypiques <\/strong>et en collaboration avec mes connaissances en tant que neuropsychologue pour pouvoir interagir avec les organismes scolaires et mettre en place des adaptations n\u00e9cessaires pour mettre \u00e0 bien ce projet d&rsquo;orientation .<\/p>\n\n\n\n<figure class=\"wp-block-image size-full is-resized\"><img loading=\"lazy\" decoding=\"async\" width=\"595\" height=\"841\" src=\"https:\/\/cabinet-souffoy-rittner.com\/wp-content\/uploads\/2026\/01\/Unknown.jpg\" alt=\"\" class=\"wp-image-731\" style=\"width:674px;height:auto\" srcset=\"https:\/\/cabinet-souffoy-rittner.com\/wp-content\/uploads\/2026\/01\/Unknown.jpg 595w, https:\/\/cabinet-souffoy-rittner.com\/wp-content\/uploads\/2026\/01\/Unknown-212x300.jpg 212w\" sizes=\"auto, (max-width: 595px) 100vw, 595px\" \/><\/figure>\n\n\n\n<figure class=\"wp-block-image size-full is-resized\"><img loading=\"lazy\" decoding=\"async\" width=\"595\" height=\"841\" src=\"https:\/\/cabinet-souffoy-rittner.com\/wp-content\/uploads\/2026\/01\/Projet-Lycee-page-2.png.jpg\" alt=\"\" class=\"wp-image-743\" style=\"width:674px;height:auto\" srcset=\"https:\/\/cabinet-souffoy-rittner.com\/wp-content\/uploads\/2026\/01\/Projet-Lycee-page-2.png.jpg 595w, https:\/\/cabinet-souffoy-rittner.com\/wp-content\/uploads\/2026\/01\/Projet-Lycee-page-2.png-212x300.jpg 212w\" sizes=\"auto, (max-width: 595px) 100vw, 595px\" \/><\/figure>\n\n\n\n<p class=\"has-text-align-center\">Pour plus d&rsquo;informations, Sandrine SOUFFOY-RITTNER est joignable au 06.14.79.14.07<\/p>\n","protected":false},"excerpt":{"rendered":"<p>L\u2019orientation est un enjeu majeur \u00e0 l\u2019adolescence, une p\u00e9riode o\u00f9 l\u2019on se construit, o\u00f9 l\u2019on se cherche et o\u00f9 l\u2019on commence \u00e0 faire des choix importants pour l\u2019avenir. Pour les adolescents, s\u2019orienter, c\u2019est apprendre \u00e0 mieux se conna\u00eetre, \u00e0 identifier ses talents, ses centres d\u2019int\u00e9r\u00eat et \u00e0 gagner en confiance en soi. Ces choix peuvent &hellip; <\/p>\n<p class=\"link-more\"><a href=\"https:\/\/cabinet-souffoy-rittner.com\/index.php\/projet-lyynk\/\" class=\"more-link\">Continuer la lecture<span class=\"screen-reader-text\"> de &laquo;&nbsp;Orientation Adolescent et Adulte&nbsp;&raquo;<\/span><\/a><\/p>\n","protected":false},"author":4,"featured_media":0,"parent":0,"menu_order":0,"comment_status":"closed","ping_status":"closed","template":"","meta":{"footnotes":""},"class_list":["post-548","page","type-page","status-publish","hentry"],"_links":{"self":[{"href":"https:\/\/cabinet-souffoy-rittner.com\/index.php\/wp-json\/wp\/v2\/pages\/548","targetHints":{"allow":["GET"]}}],"collection":[{"href":"https:\/\/cabinet-souffoy-rittner.com\/index.php\/wp-json\/wp\/v2\/pages"}],"about":[{"href":"https:\/\/cabinet-souffoy-rittner.com\/index.php\/wp-json\/wp\/v2\/types\/page"}],"author":[{"embeddable":true,"href":"https:\/\/cabinet-souffoy-rittner.com\/index.php\/wp-json\/wp\/v2\/users\/4"}],"replies":[{"embeddable":true,"href":"https:\/\/cabinet-souffoy-rittner.com\/index.php\/wp-json\/wp\/v2\/comments?post=548"}],"version-history":[{"count":11,"href":"https:\/\/cabinet-souffoy-rittner.com\/index.php\/wp-json\/wp\/v2\/pages\/548\/revisions"}],"predecessor-version":[{"id":746,"href":"https:\/\/cabinet-souffoy-rittner.com\/index.php\/wp-json\/wp\/v2\/pages\/548\/revisions\/746"}],"wp:attachment":[{"href":"https:\/\/cabinet-souffoy-rittner.com\/index.php\/wp-json\/wp\/v2\/media?parent=548"}],"curies":[{"name":"wp","href":"https:\/\/api.w.org\/{rel}","templated":true}]}}