{"id":290,"date":"2020-10-16T02:44:13","date_gmt":"2020-10-16T00:44:13","guid":{"rendered":"http:\/\/cabinet-souffoy-rittner.com\/?page_id=290"},"modified":"2025-11-20T03:45:07","modified_gmt":"2025-11-20T02:45:07","slug":"tarifs","status":"publish","type":"page","link":"https:\/\/cabinet-souffoy-rittner.com\/index.php\/tarifs\/","title":{"rendered":"Tarifs"},"content":{"rendered":"<p style=\"text-align: left;\">Les consultations de psychologie et de neuropsychologie ne n\u00e9cessitent pas de prescription m\u00e9dicale. Par cons\u00e9quent, les honoraires ne sont pas rembours\u00e9s par la S\u00e9curit\u00e9 sociale. Rapprochez-vous de votre mutuelle pour conna\u00eetre les \u00e9ventuelles possibilit\u00e9s de remboursement.<\/p>\n<p style=\"text-align: left;\">Bien que les actes des psychologues soient hors nomenclature, ils sont encadr\u00e9s par le d\u00e9cret du Minist\u00e8re de la Sant\u00e9. De plus, l\u2019usage du titre de psychologue est d\u00e9fini par la loi n\u00b085-772 du 25 juillet 1985, publi\u00e9e au Journal Officiel le 26 juillet 1985.<\/p>\n\n\n<blockquote class=\"wp-block-quote is-layout-flow wp-block-quote-is-layout-flow\">\n<p>\u00ab\u00a0Sont psychologues les personnes qui remplissent les conditions de qualification requises dans cette loi. Toute forme d&rsquo;usurpation du titre est passible de poursuites.\u00a0\u00bb<\/p>\n<\/blockquote>\n\n\n\n<div class=\"wp-block-columns are-vertically-aligned-center is-layout-flex wp-container-core-columns-is-layout-9d6595d7 wp-block-columns-is-layout-flex\">\n<div class=\"wp-block-column is-vertically-aligned-center is-layout-flow wp-block-column-is-layout-flow\" style=\"flex-basis:100%\">\n<figure class=\"wp-block-table is-style-stripes\"><table class=\"has-fixed-layout\"><tbody><tr><td class=\"has-text-align-center\" data-align=\"center\"><strong><span style=\"color:#90877b\" class=\"has-inline-color\">Prestation <\/span><\/strong><\/td><td class=\"has-text-align-center\" data-align=\"center\"><strong><span style=\"color:#90877b\" class=\"has-inline-color\">Tarification<\/span><\/strong><\/td><\/tr><tr><td class=\"has-text-align-center\" data-align=\"center\">Entretien initial  (Anamn\u00e8se)<\/td><td class=\"has-text-align-center\" data-align=\"center\"><strong>80 \u00e0 100 euros<\/strong><\/td><\/tr><tr><td class=\"has-text-align-center\" data-align=\"center\">Bilan d&rsquo;efficience intellectuelle (Q.I.)  <sup>1<\/sup><\/td><td class=\"has-text-align-center\" data-align=\"center\"><strong>550 \u00e0  630 euros<\/strong><\/td><\/tr><tr><td class=\"has-text-align-center\" data-align=\"center\">Bilan neuropsychologique personnalis\u00e9  <sup>2<\/sup><\/td><td class=\"has-text-align-center\" data-align=\"center\"><strong>710 \u00e0 850 euros<\/strong><\/td><\/tr><tr><td class=\"has-text-align-center\" data-align=\"center\">Bilan attentionnel unique <\/td><td class=\"has-text-align-center\" data-align=\"center\"><strong>480 euros<\/strong><\/td><\/tr><tr><td class=\"has-text-align-center\" data-align=\"center\">Rem\u00e9diation cognitive <\/td><td class=\"has-text-align-center\" data-align=\"center\"><strong>70 \u00e0 100 euros<\/strong><\/td><\/tr><tr><td class=\"has-text-align-center\" data-align=\"center\">Psychop\u00e9dagogie et  strat\u00e9gie d&rsquo;apprentissage<\/td><td class=\"has-text-align-center\" data-align=\"center\"><strong>70 \u00e0  100 euros <\/strong><\/td><\/tr><tr><td class=\"has-text-align-center\" data-align=\"center\">Suivi psychologique <\/td><td class=\"has-text-align-center\" data-align=\"center\"><strong>70 \u00e0  100 euros<\/strong><\/td><\/tr><tr><td class=\"has-text-align-center\" data-align=\"center\">T\u00e9l\u00e9consultation (Visio ou t\u00e9l\u00e9phone )<\/td><td class=\"has-text-align-center\" data-align=\"center\"><strong>70 \u00e0 100 euros <\/strong><\/td><\/tr><\/tbody><\/table><figcaption class=\"wp-element-caption\">Les variations des prix des s\u00e9ances( hors bilan) sont d\u00e9pendantes du temps pass\u00e9 par s\u00e9ance (30 min \u00e0  1h30)  en fonction du travail effectu\u00e9.   <\/figcaption><\/figure>\n<\/div>\n<\/div>\n\n\n<p><strong>1. \u00a0Bilan neuropsychologique d&rsquo;efficience intellectuelle (Q.I.)\u00a0<\/strong><\/p>\n<ul>\n<li style=\"list-style-type: none;\">\n<ul>\n<li style=\"list-style-type: none;\">\n<ul>\n<li data-start=\"180\" data-end=\"226\"><strong data-start=\"180\" data-end=\"216\">Passation des items obligatoires<\/strong> : 550 \u20ac<\/li>\n<li data-start=\"180\" data-end=\"226\"><strong data-start=\"229\" data-end=\"283\">Passation des items obligatoires + compl\u00e9mentaires<\/strong> : 630 \u20ac<\/li>\n<li data-start=\"294\" data-end=\"519\">\n<p data-start=\"296\" data-end=\"519\"><strong data-start=\"296\" data-end=\"337\">Cotation et r\u00e9daction du compte rendu<\/strong> : 4 \u00e0 5 heures<br data-start=\"352\" data-end=\"355\" \/>Ce bilan comprend la prise de contact avec les professionnels impliqu\u00e9s (\u00e9ducatifs et\/ou th\u00e9rapeutiques), la cotation et la restitution du bilan neuropsychologique.<\/p>\n<\/li>\n<\/ul>\n<\/li>\n<\/ul>\n<\/li>\n<\/ul>\n<p>2. \u00a0<strong data-start=\"524\" data-end=\"565\">Bilan neuropsychologique personnalis\u00e9<\/strong><\/p>\n<ul>\n<li style=\"list-style-type: none;\">\n<ul>\n<li style=\"list-style-type: none;\">\n<ul data-start=\"568\" data-end=\"649\">\n<li data-start=\"568\" data-end=\"649\">\n<p data-start=\"570\" data-end=\"649\">Con\u00e7u selon les besoins identifi\u00e9s lors de la s\u00e9ance initiale : <strong data-start=\"634\" data-end=\"649\">710 \u00e0 850 \u20ac<\/strong><\/p>\n<\/li>\n<\/ul>\n<\/li>\n<\/ul>\n<\/li>\n<\/ul>\n<hr \/>\n<p><i>Toute annulation d\u2019un bilan <strong data-start=\"147\" data-end=\"195\">non signal\u00e9e au moins une semaine \u00e0 l\u2019avance<\/strong> sera factur\u00e9e <strong data-start=\"210\" data-end=\"218\">60 \u20ac<\/strong>.<\/i><\/p>","protected":false},"excerpt":{"rendered":"<p>Les consultations de psychologie et de neuropsychologie ne n\u00e9cessitent pas de prescription m\u00e9dicale. Par cons\u00e9quent, les honoraires ne sont pas rembours\u00e9s par la S\u00e9curit\u00e9 sociale. Rapprochez-vous de votre mutuelle pour conna\u00eetre les \u00e9ventuelles possibilit\u00e9s de remboursement. Bien que les actes des psychologues soient hors nomenclature, ils sont encadr\u00e9s par le d\u00e9cret du Minist\u00e8re de la &hellip; <\/p>\n<p class=\"link-more\"><a href=\"https:\/\/cabinet-souffoy-rittner.com\/index.php\/tarifs\/\" class=\"more-link\">Continuer la lecture<span class=\"screen-reader-text\"> de &laquo;&nbsp;Tarifs&nbsp;&raquo;<\/span><\/a><\/p>\n","protected":false},"author":1,"featured_media":0,"parent":0,"menu_order":0,"comment_status":"closed","ping_status":"closed","template":"","meta":{"footnotes":""},"class_list":["post-290","page","type-page","status-publish","hentry"],"_links":{"self":[{"href":"https:\/\/cabinet-souffoy-rittner.com\/index.php\/wp-json\/wp\/v2\/pages\/290","targetHints":{"allow":["GET"]}}],"collection":[{"href":"https:\/\/cabinet-souffoy-rittner.com\/index.php\/wp-json\/wp\/v2\/pages"}],"about":[{"href":"https:\/\/cabinet-souffoy-rittner.com\/index.php\/wp-json\/wp\/v2\/types\/page"}],"author":[{"embeddable":true,"href":"https:\/\/cabinet-souffoy-rittner.com\/index.php\/wp-json\/wp\/v2\/users\/1"}],"replies":[{"embeddable":true,"href":"https:\/\/cabinet-souffoy-rittner.com\/index.php\/wp-json\/wp\/v2\/comments?post=290"}],"version-history":[{"count":26,"href":"https:\/\/cabinet-souffoy-rittner.com\/index.php\/wp-json\/wp\/v2\/pages\/290\/revisions"}],"predecessor-version":[{"id":678,"href":"https:\/\/cabinet-souffoy-rittner.com\/index.php\/wp-json\/wp\/v2\/pages\/290\/revisions\/678"}],"wp:attachment":[{"href":"https:\/\/cabinet-souffoy-rittner.com\/index.php\/wp-json\/wp\/v2\/media?parent=290"}],"curies":[{"name":"wp","href":"https:\/\/api.w.org\/{rel}","templated":true}]}}