{"id":246,"date":"2020-10-13T17:36:44","date_gmt":"2020-10-13T15:36:44","guid":{"rendered":"http:\/\/cabinet-souffoy-rittner.com\/?page_id=246"},"modified":"2025-11-20T03:57:56","modified_gmt":"2025-11-20T02:57:56","slug":"bilan","status":"publish","type":"page","link":"https:\/\/cabinet-souffoy-rittner.com\/index.php\/bilan\/","title":{"rendered":"Bilan"},"content":{"rendered":"<div class=\"page\" title=\"Page 1\">\n<div class=\"layoutArea\">\n<div class=\"column\">\n<p style=\"text-align: center;\">Chaque bilan est <strong>personnalis\u00e9<\/strong>. Le choix des tests fluctue selon le motif de la consultation, de la demande, des besoins et de l&rsquo;\u00e2ge de la personne qui consulte ( enfant, adolescent, adulte).&nbsp;<\/p>\n<\/p>\n<\/div>\n<\/div>\n<\/div>\n\n\n<p class=\"has-text-color has-medium-font-size\" style=\"color:#90877b\"><strong>Qui peut b\u00e9n\u00e9ficier d&rsquo;une \u00e9valuation neuropsychologique au cabinet ?<\/strong><\/p>\n\n\n<div class=\"page\" title=\"Page 2\">\n<div class=\"section\">\n<div class=\"layoutArea\">\n<div class=\"column\">\n<ul>\n<li style=\"list-style-type: none;\">\n<ul>\n<li style=\"list-style-type: none;\">\n<ul>\n<li>Les enfants d\u2019\u00e2ge pr\u00e9scolaire ou primaire ( \u00e0 partir de 3 ans)<\/li>\n<li><span style=\"font-size: inherit;\">Les adolescents du niveau secondaire<\/span><\/li>\n<li><span style=\"font-size: inherit;\">Les jeunes adultes \u00e0 l\u2019universit\u00e9 ou en \u00e9tudes sup\u00e9rieures <\/span><\/li>\n<li>Les adultes pr\u00e9sentant des difficult\u00e9s multiples en situation professionnelle, familiale et\/ou sociale ( difficult\u00e9 de concentration , de m\u00e9morisation , \u00e0 suivre une conversation&#8230;)<\/li>\n<\/ul>\n<\/li>\n<\/ul>\n<\/li>\n<\/ul>\n<p style=\"text-align: left;\">L&rsquo;\u00e9valuation neuropsychologique concerne :<\/p>\n<ul>\n<li style=\"list-style-type: none;\">\n<ul>\n<li style=\"list-style-type: none;\">\n<ul>\n<li style=\"text-align: left;\">Les enfants HPI (Haut Potentiel Intellectuel) non \u00e9valu\u00e9s jusqu&rsquo;a pr\u00e9sent<\/li>\n<li style=\"text-align: left;\">Les enfants, adolescents ou adultes pouvant pr\u00e9senter, ou non, des troubles suite \u00e0 un \u00e9v\u00e8nement de vie. L\u2019accident peut avoir lieu lors du d\u00e9veloppement de l\u2019enfant in utero et\/ou lors d\u2019un \u00e9v\u00e8nement de vie (in vivo) ou \u00eatre de l&rsquo;ordre du traumatisme psychologique<\/li>\n<\/ul>\n<\/li>\n<\/ul>\n<\/li>\n<\/ul>\n<\/div>\n<\/div>\n<\/div>\n<\/div>\n\n\n<figure class=\"wp-block-table is-style-stripes\"><table class=\"has-fixed-layout\"><tbody><tr><td class=\"has-text-align-center\" data-align=\"center\"><strong><span style=\"color:#90877b\" class=\"has-inline-color\">Troubles neurod\u00e9veloppementaux<\/span><\/strong><\/td><td class=\"has-text-align-center\" data-align=\"center\"><strong><span style=\"color:#90877b\" class=\"has-inline-color\">Troubles acquis<\/span><\/strong><\/td><\/tr><tr><td class=\"has-text-align-center\" data-align=\"center\">D\u00e9ficience intellectuelle <\/td><td class=\"has-text-align-center\" data-align=\"center\">Accident Vasculaire C\u00e9r\u00e9bral (AVC)<\/td><\/tr><tr><td class=\"has-text-align-center\" data-align=\"center\">Trouble sp\u00e9cifique des apprentissages : (dyslexie, dysphasie, dyspraxie&#8230;)<\/td><td class=\"has-text-align-center\" data-align=\"center\">\u00c9pilepsie pharmacor\u00e9sistante ou non <\/td><\/tr><tr><td class=\"has-text-align-center\" data-align=\"center\">Trouble moteur <\/td><td class=\"has-text-align-center\" data-align=\"center\">Traumatisme Cr\u00e2nien (TC)<\/td><\/tr><tr><td class=\"has-text-align-center\" data-align=\"center\">Trouble de la communication <\/td><td class=\"has-text-align-center\" data-align=\"center\">Maladies inflammatoires <\/td><\/tr><tr><td class=\"has-text-align-center\" data-align=\"center\">Trouble du spectre autistique ( TSA)<\/td><td class=\"has-text-align-center\" data-align=\"center\">M\u00e9ningite<\/td><\/tr><tr><td class=\"has-text-align-center\" data-align=\"center\">Trouble d\u00e9ficitaire de l&rsquo;attention avec ou sans hyperactivit\u00e9 ( TDA\/H)<\/td><td class=\"has-text-align-center\" data-align=\"center\">Tumeur c\u00e9r\u00e9brale <\/td><\/tr><tr><td class=\"has-text-align-center\" data-align=\"center\">Maladies g\u00e9netiques <\/td><td class=\"has-text-align-center\" data-align=\"center\">Maladies infectieuses <\/td><\/tr><tr><td class=\"has-text-align-center\" data-align=\"center\">Affections neurologiques <\/td><td class=\"has-text-align-center\" data-align=\"center\">Maladies inflammatoires <\/td><\/tr><\/tbody><\/table><\/figure>\n\n\n\n<p class=\"has-text-color has-medium-font-size\" style=\"color:#90877b\"><strong>Quels fonctions sont \u00e9valu\u00e9es gr\u00e2ce au bilan neuropsychologique ?  <\/strong><\/p>\n\n\n<div class=\"page\" title=\"Page 1\">\n<div class=\"section\">\n<div class=\"layoutArea\">\n<div class=\"column\">\n<p data-start=\"150\" data-end=\"281\">Le bilan neuropsychologique permet d\u2019\u00e9valuer diff\u00e9rentes <strong data-start=\"207\" data-end=\"266\">fonctions cognitives, \u00e9motionnelles et comportementales<\/strong>, notamment :<\/p>\n<ul>\n<li style=\"list-style-type: none;\">\n<ul>\n<li style=\"list-style-type: none;\">\n<ul>\n<li style=\"list-style-type: none;\">\n<ul>\n<li data-start=\"284\" data-end=\"315\">Fonctions intellectuelles<\/li>\n<li data-start=\"318\" data-end=\"348\">Attention et impulsivit\u00e9<\/li>\n<li data-start=\"351\" data-end=\"393\">M\u00e9moire et capacit\u00e9s d\u2019apprentissage<\/li>\n<li data-start=\"396\" data-end=\"438\">Comportement et gestion des \u00e9motions<\/li>\n<li data-start=\"441\" data-end=\"454\">Langage<\/li>\n<li data-start=\"457\" data-end=\"521\">Fonctions ex\u00e9cutives (d\u00e9cision, planification, inhibition)<\/li>\n<li data-start=\"524\" data-end=\"550\">Coordination motrice<\/li>\n<li data-start=\"553\" data-end=\"583\">Aptitudes visuospatiales<\/li>\n<li data-start=\"586\" data-end=\"612\">Comp\u00e9tences sociales<\/li>\n<li data-start=\"615\" data-end=\"703\">Performances scolaires et acad\u00e9miques (\u00e9criture, lecture, r\u00e9solution de probl\u00e8mes)<\/li>\n<\/ul>\n<\/li>\n<\/ul>\n<\/li>\n<\/ul>\n<\/li>\n<\/ul>\n<\/div>\n<\/div>\n<\/div>\n<\/div>\n\n\n<p class=\"has-text-color has-medium-font-size\" style=\"color:#90877b\"><strong>Qui demande le bilan neuropsychologique ?<\/strong><\/p>\n\n\n\n<figure class=\"wp-block-table is-style-stripes\"><table class=\"has-fixed-layout\"><tbody><tr><td class=\"has-text-align-center\" data-align=\"center\"><strong><span style=\"color:#90877b\" class=\"has-inline-color\">Enfant<\/span><\/strong><\/td><td class=\"has-text-align-center\" data-align=\"center\">Suite \u00e0 des plaintes \u00e0 la maison ou \u00e0 l&rsquo;\u00e9cole sur la <strong>capacit\u00e9 \u00e0 suivre, \u00e0 se concentrer<\/strong> <\/td><\/tr><tr><td class=\"has-text-align-center\" data-align=\"center\"><strong><span style=\"color:#90877b\" class=\"has-inline-color\">Parents <\/span><\/strong><\/td><td class=\"has-text-align-center\" data-align=\"center\">Suite \u00e0 des <strong>retards de d\u00e9veloppement <\/strong>observ\u00e9s \u00e0 la maison ou en soci\u00e9t\u00e9<\/td><\/tr><tr><td class=\"has-text-align-center\" data-align=\"center\"><strong><span style=\"color:#90877b\" class=\"has-inline-color\">\u00c9cole <\/span><\/strong><\/td><td class=\"has-text-align-center\" data-align=\"center\">Suite \u00e0 des <strong>difficult\u00e9s observ\u00e9es <\/strong>par l&rsquo;enseignant et\/ou le psychologue scolaire <\/td><\/tr><tr><td class=\"has-text-align-center\" data-align=\"center\"><strong><span style=\"color:#90877b\" class=\"has-inline-color\">M\u00e9decin <\/span><\/strong><\/td><td class=\"has-text-align-center\" data-align=\"center\">De fa\u00e7on fortuite lors d&rsquo;un <strong>contr\u00f4le <\/strong>ou suite \u00e0 <strong>une plainte<\/strong> par le patient. Aupr\u00e8s d&rsquo;un praticien (g\u00e9n\u00e9raliste, neurologue, p\u00e9diatre, psychiatre et\/ou p\u00e9dopsychiatre &#8230;)<\/td><\/tr><tr><td class=\"has-text-align-center\" data-align=\"center\"><strong><span style=\"color:#90877b\" class=\"has-inline-color\">Employeur<\/span><\/strong><\/td><td class=\"has-text-align-center\" data-align=\"center\">Lorsque l&rsquo;individu pr\u00e9sente des <strong>difficult\u00e9s de concentration<\/strong> ou par le biais de p\u00f4le emploi lors d&rsquo;une potentielle r\u00e9orientation <\/td><\/tr><tr><td class=\"has-text-align-center\" data-align=\"center\"><strong><span style=\"color:#90877b\" class=\"has-inline-color\">\u00c9tat <\/span><\/strong><\/td><td class=\"has-text-align-center\" data-align=\"center\">Pour la <strong>constitution d&rsquo;un dossier R.Q.T.H. <\/strong>(reconnaissance de la qualit\u00e9 de travailleur handicap\u00e9) aupr\u00e8s de la M.D.P.H. ( maison d\u00e9partementale des personnes handicap\u00e9es). Permet une r\u00e9orientation, des aides financi\u00e8res et une adaptation de l&rsquo;environnement de travail ( milieu prot\u00e9g\u00e9)<\/td><\/tr><\/tbody><\/table><\/figure>\n\n\n\n<p class=\"has-text-color has-medium-font-size\" style=\"color:#90877b\"><strong>Quelles sont les \u00e9tapes et la dur\u00e9e d&rsquo;un bilan neuropsychologique ?<\/strong><\/p>\n\n\n<p data-start=\"161\" data-end=\"224\">Le bilan neuropsychologique se d\u00e9roule en <strong data-start=\"203\" data-end=\"220\">quatre \u00e9tapes<\/strong> :<\/p>\n<p data-start=\"161\" data-end=\"224\"><strong data-start=\"229\" data-end=\"251\">1. Entretien clinique<\/strong><\/p>\n<ul>\n<li style=\"list-style-type: none;\">\n<ul>\n<li style=\"list-style-type: none;\">\n<ul>\n<li data-start=\"259\" data-end=\"400\">Temps d\u2019\u00e9change initial pour pr\u00e9ciser la demande du bilan et discuter de l\u2019environnement personnel, social et professionnel de la personne.<\/li>\n<li data-start=\"406\" data-end=\"456\">Dur\u00e9e : <strong data-start=\"414\" data-end=\"435\">45 minutes \u00e0 1h15<\/strong> selon les besoins.<\/li>\n<\/ul>\n<\/li>\n<\/ul>\n<\/li>\n<\/ul>\n<p><strong data-start=\"461\" data-end=\"483\">2. Passation du bilan<\/strong><\/p>\n<ul>\n<li style=\"list-style-type: none;\">\n<ul>\n<li style=\"list-style-type: none;\">\n<ul>\n<li data-start=\"491\" data-end=\"581\">R\u00e9alisation des tests neuropsychologiques adapt\u00e9s \u00e0 l\u2019\u00e2ge et aux besoins de la personne.<\/li>\n<li data-start=\"587\" data-end=\"707\">Dur\u00e9e : <strong data-start=\"595\" data-end=\"608\">1h30 \u00e0 3h<\/strong>, pouvant se d\u00e9rouler en une demi-journ\u00e9e ou sur deux cr\u00e9neaux d\u20191h30 selon le niveau de fatigue.<\/li>\n<\/ul>\n<\/li>\n<\/ul>\n<\/li>\n<\/ul>\n<p><strong data-start=\"712\" data-end=\"742\">3. Cotation et interpr\u00e9tation<\/strong><\/p>\n<ul>\n<li style=\"list-style-type: none;\">\n<ul>\n<li style=\"list-style-type: none;\">\n<ul>\n<li data-start=\"750\" data-end=\"841\">Analyse et interpr\u00e9tation des r\u00e9sultats effectu\u00e9es exclusivement par le neuropsychologue.<\/li>\n<li data-start=\"847\" data-end=\"921\">D\u00e9lai : <strong data-start=\"855\" data-end=\"870\">3 \u00e0 7 jours<\/strong> pour produire un compte rendu complet et pr\u00e9cis.<\/li>\n<\/ul>\n<\/li>\n<\/ul>\n<\/li>\n<\/ul>\n<p><strong data-start=\"926\" data-end=\"950\">4. Restitution du bilan<\/strong><\/p>\n<ul>\n<li style=\"list-style-type: none;\">\n<ul>\n<li style=\"list-style-type: none;\">\n<ul>\n<li>Pr\u00e9sentation des r\u00e9sultats, des points forts et des difficult\u00e9s observ\u00e9es, ainsi que des recommandations et prises en charge possibles.<\/li>\n<li>D\u00e9lai : <strong data-start=\"1109\" data-end=\"1128\">1 \u00e0 10 semaines<\/strong> apr\u00e8s la passation du bilan.<\/li>\n<li data-start=\"1165\" data-end=\"1235\">Le compte rendu peut \u00eatre remis en version <strong data-start=\"1208\" data-end=\"1232\">papier ou par e-mail<\/strong>.<\/li>\n<\/ul>\n<\/li>\n<\/ul>\n<\/li>\n<\/ul>\n<p data-start=\"1237\" data-end=\"1596\"><strong data-start=\"1237\" data-end=\"1256\">Confidentialit\u00e9<\/strong><br data-start=\"1256\" data-end=\"1259\" \/>La d\u00e9marche de consultation, le contenu des entretiens et les r\u00e9sultats de l\u2019\u00e9valuation sont strictement confidentiels. Ils ne peuvent \u00eatre partag\u00e9s sans le consentement des responsables l\u00e9gaux. Sur demande, le compte rendu peut toutefois \u00eatre transmis aux diff\u00e9rents intervenants impliqu\u00e9s (m\u00e9decins, r\u00e9\u00e9ducateurs, enseignants, etc.).<\/p>\n<p style=\"text-align: left;\">\u00a0<\/p>","protected":false},"excerpt":{"rendered":"<p>Chaque bilan est personnalis\u00e9. Le choix des tests fluctue selon le motif de la consultation, de la demande, des besoins et de l&rsquo;\u00e2ge de la personne qui consulte ( enfant, adolescent, adulte).&nbsp; Qui peut b\u00e9n\u00e9ficier d&rsquo;une \u00e9valuation neuropsychologique au cabinet ? Les enfants d\u2019\u00e2ge pr\u00e9scolaire ou primaire ( \u00e0 partir de 3 ans) Les adolescents &hellip; <\/p>\n<p class=\"link-more\"><a href=\"https:\/\/cabinet-souffoy-rittner.com\/index.php\/bilan\/\" class=\"more-link\">Continuer la lecture<span class=\"screen-reader-text\"> de &laquo;&nbsp;Bilan&nbsp;&raquo;<\/span><\/a><\/p>\n","protected":false},"author":1,"featured_media":0,"parent":0,"menu_order":0,"comment_status":"closed","ping_status":"closed","template":"","meta":{"footnotes":""},"class_list":["post-246","page","type-page","status-publish","hentry"],"_links":{"self":[{"href":"https:\/\/cabinet-souffoy-rittner.com\/index.php\/wp-json\/wp\/v2\/pages\/246","targetHints":{"allow":["GET"]}}],"collection":[{"href":"https:\/\/cabinet-souffoy-rittner.com\/index.php\/wp-json\/wp\/v2\/pages"}],"about":[{"href":"https:\/\/cabinet-souffoy-rittner.com\/index.php\/wp-json\/wp\/v2\/types\/page"}],"author":[{"embeddable":true,"href":"https:\/\/cabinet-souffoy-rittner.com\/index.php\/wp-json\/wp\/v2\/users\/1"}],"replies":[{"embeddable":true,"href":"https:\/\/cabinet-souffoy-rittner.com\/index.php\/wp-json\/wp\/v2\/comments?post=246"}],"version-history":[{"count":24,"href":"https:\/\/cabinet-souffoy-rittner.com\/index.php\/wp-json\/wp\/v2\/pages\/246\/revisions"}],"predecessor-version":[{"id":681,"href":"https:\/\/cabinet-souffoy-rittner.com\/index.php\/wp-json\/wp\/v2\/pages\/246\/revisions\/681"}],"wp:attachment":[{"href":"https:\/\/cabinet-souffoy-rittner.com\/index.php\/wp-json\/wp\/v2\/media?parent=246"}],"curies":[{"name":"wp","href":"https:\/\/api.w.org\/{rel}","templated":true}]}}