{"id":192,"date":"2020-10-12T17:15:52","date_gmt":"2020-10-12T15:15:52","guid":{"rendered":"http:\/\/cabinet-souffoy-rittner.com\/?page_id=192"},"modified":"2025-11-28T23:14:05","modified_gmt":"2025-11-28T22:14:05","slug":"a-propos","status":"publish","type":"page","link":"https:\/\/cabinet-souffoy-rittner.com\/index.php\/a-propos\/","title":{"rendered":"\u00c0 propos"},"content":{"rendered":"<div class=\"wp-block-image is-style-default\">\n<figure class=\"aligncenter size-medium\"><img loading=\"lazy\" decoding=\"async\" width=\"250\" height=\"300\" src=\"http:\/\/cabinet-souffoy-rittner.com\/wp-content\/uploads\/2020\/10\/9bb7be48-1ac0-4577-87c8-ca38641d5cd2-2-3-250x300.jpg\" alt=\"\" class=\"wp-image-265\" srcset=\"https:\/\/cabinet-souffoy-rittner.com\/wp-content\/uploads\/2020\/10\/9bb7be48-1ac0-4577-87c8-ca38641d5cd2-2-3-250x300.jpg 250w, https:\/\/cabinet-souffoy-rittner.com\/wp-content\/uploads\/2020\/10\/9bb7be48-1ac0-4577-87c8-ca38641d5cd2-2-3-97x116.jpg 97w, https:\/\/cabinet-souffoy-rittner.com\/wp-content\/uploads\/2020\/10\/9bb7be48-1ac0-4577-87c8-ca38641d5cd2-2-3.jpg 597w\" sizes=\"auto, (max-width: 250px) 100vw, 250px\" \/><\/figure><\/div>\n\n\n<p class=\"has-text-align-left #567483 has-text-color has-medium-font-size\" style=\"color:#90877b\"><strong>Mon parcours<\/strong><\/p>\n\n\n<p style=\"text-align: left;\">Psychologue clinicien sp\u00e9cialis\u00e9 en neuropsychologie de l&rsquo;enfant \u00e0 la personne \u00e2g\u00e9e, je suis dipl\u00f4m\u00e9 du master de psychologie clinique sp\u00e9cialis\u00e9 en neuropsychologie de l&rsquo;universit\u00e9 Paris VIII.<\/p>\n<p style=\"text-align: left;\">Mes diff\u00e9rentes exp\u00e9riences professionnelles et th\u00e9oriques ont fa\u00e7onn\u00e9 mon regard sur une pratique, une \u00e9valuation et un suivi psychologique bas\u00e9 sur une <strong>approche globale de l&rsquo;individu <\/strong>(physique et psychologique). J&rsquo;accorde une grande importance aux ph\u00e9nom\u00e8nes psychosomatiques et \u00e0 l\u2019\u00e9tude de l&rsquo;origine des troubles psychiques pouvant, chez certains, occasionner ou aggraver des troubles physiques et cognitifs.<\/p>\n<p style=\"text-align: left;\">Mon approche th\u00e9rapeutique et de suivi psychologique se veut principalement <strong>humaniste et ph\u00e9nomeno-existentielle<\/strong>. J&#8217;emprunte des \u00e9l\u00e9ments d&rsquo;autres approches th\u00e9rapeutiques (psychanalytique, syst\u00e9mique, psychoth\u00e9rapies int\u00e9gratives).<\/p>\n<p style=\"text-align: left;\">La mise en place d\u2019une consultation en lib\u00e9ral vient compl\u00e9ter ma pratique hospitali\u00e8re et me permet de r\u00e9pondre \u00e0 une demande d\u2019\u00e9valuation du fonctionnement cognitif chez l\u2019enfant, l&rsquo;adolescent et l&rsquo;adulte pr\u00e9sentant diff\u00e9rentes probl\u00e9matiques.<\/p>\n<\/p>\n\n\n<p><\/p>\n\n\n\n<p class=\"has-text-color has-link-color has-medium-font-size wp-elements-22152c7fe380af336fbef670454269fe\" style=\"color:#90877b\"><strong><span style=\"color:#90877b\" class=\"has-inline-color\">Exp\u00e9riences professionnelles <\/span><\/strong><\/p>\n\n\n\n<p class=\"has-text-color has-link-color wp-elements-4f7a781849cb5ade41085607bbf226f4\" style=\"color:#90877b\"><strong><span style=\"text-decoration: underline;\"><span style=\"color: #90877b; text-decoration: underline;\">Service Neurop\u00e9diatrie Armand Trousseau et l&rsquo;unit\u00e9 expert du Cervelet<\/span><\/span><\/strong><\/p>\n\n\n\n<p class=\"has-text-align-left\"><strong>Population accompagn\u00e9e  :&nbsp;<\/strong>Enfants, adolescents et jeunes adultes pr\u00e9sentant diverses maladies g\u00e9n\u00e9tiques ( pathologies du cervelet telle que &nbsp;retard de d\u00e9veloppement, syndrome de Joubert, ataxie cong\u00e9nitale, rhombenc\u00e9phalosynapsis&#8230;) ou des pathologies acquises (\u00e9pilepsie, m\u00e9ningites, trauma cr\u00e2nien, AVC&#8230;)<\/p>\n\n\n\n<p><strong>Missions principales<\/strong><\/p>\n\n\n<ul>\n<li style=\"list-style-type: none;\">\n<ul>\n<li style=\"list-style-type: none;\">\n<ul>\n<li>Entretiens cliniques, passation et cotation de bilans neuropsychologiques, puis restitution des r\u00e9sultats aux famille<\/li>\n<li><span style=\"font-size: 1rem;\">Participation aux r\u00e9unions coll\u00e9giales et aux consultations multidisciplinaires (ergoth\u00e9rapie, g\u00e9n\u00e9tique, psychomotricit\u00e9\u2026)<\/span><\/li>\n<li><span style=\"font-size: 1rem;\">Utilisation d\u2019outils d\u2019\u00e9valuation vari\u00e9s : Bayley-III, NEPSY-II, WPPSI-IV, WISC-V, TEA-Ch, K-ABC II, BEM, Vineland, DTVP-3, Purdue Pegboard, figure de Rey, Tour de Londres, CMS, ainsi que divers questionnaires (BRIEF, FSS, PedsQL, Achenbach\u2026)<\/span><\/li>\n<li><span style=\"font-size: 1rem;\">Organisation de r\u00e9unions d\u2019\u00e9quipes \u00e9ducatives au sein des coll\u00e8ges et lyc\u00e9es pour la mise en place d\u2019am\u00e9nagements scolaires adapt\u00e9s<\/span><\/li>\n<li><span style=\"font-size: 1rem;\">\u00c9laboration d\u2019un protocole sp\u00e9cifique d\u2019\u00e9valuation des sous-composantes impliqu\u00e9es dans la visuoconstruction chez l\u2019enfant et l\u2019adolescent<\/span><\/li>\n<\/ul>\n<\/li>\n<\/ul>\n<\/li>\n<\/ul>\n\n\n<ul class=\"wp-block-list\"><\/ul>\n\n\n\n<p><\/p>\n\n\n\n<p><span style=\"text-decoration: underline;\"><strong><span style=\"color: #90877b; text-decoration: underline;\">Antenne UEROS- UGECAM (Unit\u00e9 d&rsquo;\u00e9valuation et de R\u00e9entra\u00eenement et d&rsquo;Orientation Socio-professionelle)<\/span><\/strong><\/span><\/p>\n\n\n\n<p class=\"has-text-align-left\"><strong>Population accompagn\u00e9e :<\/strong>&nbsp;adultes pr\u00e9sentant des l\u00e9sions c\u00e9r\u00e9brales acquises non d\u00e9g\u00e9n\u00e9ratives (AVC, traumatisme cr\u00e2nien, anoxie, tumeurs, enc\u00e9phalopathies, etc.).<\/p>\n\n\n\n<p><strong>Missions principales<\/strong><\/p>\n\n\n<ul>\n<li style=\"list-style-type: none;\">\n<ul>\n<li style=\"list-style-type: none;\">\n<ul>\n<li>Travail en \u00e9quipe pluridisciplinaire (m\u00e9decins, kin\u00e9sith\u00e9rapeutes, orthophonistes\u2026) afin d\u2019\u00e9laborer un projet de r\u00e9insertion professionnelle adapt\u00e9 aux besoins et aux pathologies de chaque patient<\/li>\n<li>Entretiens cliniques, passation et cotation de bilans neuropsychologiques, r\u00e9daction de comptes rendus et restitution aux patients et \u00e0 leur famille<\/li>\n<li>Utilisation d\u2019un large \u00e9ventail d\u2019outils d\u2019\u00e9valuation : BEM 144, WAIS-IV, MEM III, RL\/RI, CVLT, Figure de Rey PASAT, Brown-Peterson, TAP (Batterie informatique d&rsquo;\u00e9valuation de l&rsquo;attention), BEN, D2-R, GREFEX, tests \u00e9cologiques (Hayling-test et test des commissions), PM- 38 (Matrice de Raven), R-2000, Probl\u00e8me de Rey, DO 80, questionnaires et \u00e9chelles de fatigue et d&rsquo;anxi\u00e9t\u00e9 (ISDC, HAD, \u00e9chelle d&rsquo;anxi\u00e9t\u00e9 \u00c9tat-Trait)<\/li>\n<li>\u00c9valuation sp\u00e9cifique et r\u00e9\u00e9ducation des sous composantes de la m\u00e9moire de travail<\/li>\n<li>\u00c9valuation de personnes victimes de l\u00e9sions c\u00e9r\u00e9brales acquises non d\u00e9g\u00e9n\u00e9ratives sur les sous composantes de la m\u00e9moire de travail (administrateur central, boucle phonologique, calepin visuospatial)<\/li>\n<li>Participation \u00e0 un travail de recherche : recrutement de patients, passations, cotations et m\u00e9ta-analyses dans le cadre des travaux associ\u00e9s \u00e0 l\u2019article publi\u00e9 par Claire Vallat-Azouvi et collaborateurs (2019).<\/li>\n<\/ul>\n<\/li>\n<\/ul>\n<\/li>\n<\/ul>\n\n\n<ul class=\"wp-block-list\"><\/ul>\n\n\n\n<p class=\"has-text-align-left\"><\/p>\n\n\n\n<p class=\"has-text-color has-medium-font-size\" style=\"color:#90877b\"><strong>Projets associatifs <\/strong><\/p>\n\n\n<p data-start=\"63\" data-end=\"523\"><strong data-start=\"63\" data-end=\"108\">Vice-pr\u00e9sident de l\u2019association ComInSoIn<\/strong><br data-start=\"108\" data-end=\"111\" \/>Association visant \u00e0 rassembler des professionnels de divers horizons (m\u00e9decine traditionnelle, pratiques param\u00e9dicales, approches holistiques, arts\u2026) afin d\u2019offrir un soutien informatif au grand public \u2013 qu\u2019il soit concern\u00e9 ou non par une probl\u00e9matique de sant\u00e9. Les actions men\u00e9es portent sur la diffusion d\u2019informations li\u00e9es au bien-\u00eatre, \u00e0 la sant\u00e9 et aux diff\u00e9rentes modalit\u00e9s de prise en charge possibles.<\/p>\n<p data-start=\"525\" data-end=\"625\"><strong data-start=\"525\" data-end=\"551\">Membre actif de l\u2019OFPN<\/strong> (Organisation Fran\u00e7aise des Psychologues sp\u00e9cialis\u00e9s en Neuropsychologie)<\/p>\n\n\n<p><\/p>\n","protected":false},"excerpt":{"rendered":"<p>Mon parcours Psychologue clinicien sp\u00e9cialis\u00e9 en neuropsychologie de l&rsquo;enfant \u00e0 la personne \u00e2g\u00e9e, je suis dipl\u00f4m\u00e9 du master de psychologie clinique sp\u00e9cialis\u00e9 en neuropsychologie de l&rsquo;universit\u00e9 Paris VIII. Mes diff\u00e9rentes exp\u00e9riences professionnelles et th\u00e9oriques ont fa\u00e7onn\u00e9 mon regard sur une pratique, une \u00e9valuation et un suivi psychologique bas\u00e9 sur une approche globale de l&rsquo;individu (physique &hellip; <\/p>\n<p class=\"link-more\"><a href=\"https:\/\/cabinet-souffoy-rittner.com\/index.php\/a-propos\/\" class=\"more-link\">Continuer la lecture<span class=\"screen-reader-text\"> de &laquo;&nbsp;\u00c0 propos&nbsp;&raquo;<\/span><\/a><\/p>\n","protected":false},"author":1,"featured_media":0,"parent":0,"menu_order":0,"comment_status":"closed","ping_status":"closed","template":"","meta":{"footnotes":""},"class_list":["post-192","page","type-page","status-publish","hentry"],"_links":{"self":[{"href":"https:\/\/cabinet-souffoy-rittner.com\/index.php\/wp-json\/wp\/v2\/pages\/192","targetHints":{"allow":["GET"]}}],"collection":[{"href":"https:\/\/cabinet-souffoy-rittner.com\/index.php\/wp-json\/wp\/v2\/pages"}],"about":[{"href":"https:\/\/cabinet-souffoy-rittner.com\/index.php\/wp-json\/wp\/v2\/types\/page"}],"author":[{"embeddable":true,"href":"https:\/\/cabinet-souffoy-rittner.com\/index.php\/wp-json\/wp\/v2\/users\/1"}],"replies":[{"embeddable":true,"href":"https:\/\/cabinet-souffoy-rittner.com\/index.php\/wp-json\/wp\/v2\/comments?post=192"}],"version-history":[{"count":28,"href":"https:\/\/cabinet-souffoy-rittner.com\/index.php\/wp-json\/wp\/v2\/pages\/192\/revisions"}],"predecessor-version":[{"id":722,"href":"https:\/\/cabinet-souffoy-rittner.com\/index.php\/wp-json\/wp\/v2\/pages\/192\/revisions\/722"}],"wp:attachment":[{"href":"https:\/\/cabinet-souffoy-rittner.com\/index.php\/wp-json\/wp\/v2\/media?parent=192"}],"curies":[{"name":"wp","href":"https:\/\/api.w.org\/{rel}","templated":true}]}}