{"id":19,"date":"2020-07-28T18:28:46","date_gmt":"2020-07-28T16:28:46","guid":{"rendered":"http:\/\/cabinet-souffoy-rittner.com\/?page_id=19"},"modified":"2026-01-05T21:00:24","modified_gmt":"2026-01-05T20:00:24","slug":"accueil","status":"publish","type":"page","link":"https:\/\/cabinet-souffoy-rittner.com\/","title":{"rendered":"Accueil"},"content":{"rendered":"\n<p class=\"has-text-align-center has-text-color has-medium-font-size\" style=\"color:#90877b\"><strong>Bienvenue sur le site du Cabinet SOUFFOY-RITTNER<\/strong><\/p>\n\n\n\n<p><\/p>\n\n\n\n<figure class=\"wp-block-gallery has-nested-images columns-default is-cropped wp-block-gallery-1 is-layout-flex wp-block-gallery-is-layout-flex\">\n<figure class=\"wp-block-image size-large\"><img loading=\"lazy\" decoding=\"async\" width=\"1024\" height=\"576\" data-id=\"737\" src=\"https:\/\/cabinet-souffoy-rittner.com\/wp-content\/uploads\/2026\/01\/IMG_4421-1-1024x576.jpg\" alt=\"\" class=\"wp-image-737\" srcset=\"https:\/\/cabinet-souffoy-rittner.com\/wp-content\/uploads\/2026\/01\/IMG_4421-1-1024x576.jpg 1024w, https:\/\/cabinet-souffoy-rittner.com\/wp-content\/uploads\/2026\/01\/IMG_4421-1-300x169.jpg 300w, https:\/\/cabinet-souffoy-rittner.com\/wp-content\/uploads\/2026\/01\/IMG_4421-1-768x432.jpg 768w, https:\/\/cabinet-souffoy-rittner.com\/wp-content\/uploads\/2026\/01\/IMG_4421-1-1536x864.jpg 1536w, https:\/\/cabinet-souffoy-rittner.com\/wp-content\/uploads\/2026\/01\/IMG_4421-1-2048x1152.jpg 2048w\" sizes=\"auto, (max-width: 706px) 89vw, (max-width: 767px) 82vw, 740px\" \/><\/figure>\n<\/figure>\n\n\n\n<p class=\"has-text-align-center\"><\/p>\n\n\n\n<p class=\"has-text-align-center\">Je suis&nbsp;Maxime Souffoy-Rittner, psychologue clinicien sp\u00e9cialis\u00e9 en&nbsp;neuropsychologie de l\u2019enfant, de l\u2019adolescent, de l\u2019adulte et de la personne \u00e2g\u00e9e.<\/p>\n\n\n\n<p class=\"has-text-align-center\">Je vous accueille au cabinet pour la&nbsp;r\u00e9alisation d\u2019\u00e9valuations neuropsychologiques&nbsp;destin\u00e9es aux <strong>enfants, adolescents et adultes<\/strong> pr\u00e9sentant : un&nbsp;haut potentiel intellectuel, des&nbsp;troubles de la m\u00e9moire, des&nbsp;difficult\u00e9s,&nbsp;des&nbsp;troubles des apprentissages&nbsp;(dyslexie, dyspraxie, dysphasie), des&nbsp;troubles visuoconstructifs, et bien d\u2019autres probl\u00e9matiques. Les \u00e9valuations sont men\u00e9es \u00e0 partir de&nbsp;batteries<strong> <\/strong>neuropsychologiques compl\u00e8tes&nbsp;(K-ABC, NEPSY, WPPSI, WISC-V, WAIS-IV\u2026).<\/p>\n\n\n\n<p class=\"has-text-align-center\">J\u2019assure \u00e9galement des&nbsp;<strong>s\u00e9ances de suivi<\/strong>, de&nbsp;<strong>rem\u00e9diation cognitive<\/strong>, ainsi qu\u2019un&nbsp;<strong>accompagnement parental en psychop\u00e9dagogie<\/strong>, \u00e0 la suite du bilan que je r\u00e9alise ou d\u2019une \u00e9valuation pr\u00e9alablement effectu\u00e9e par un confr\u00e8re.<\/p>\n\n\n\n<h2 class=\"wp-block-heading has-text-align-center has-medium-font-size has-text-color\" style=\"color:#90877b\"><strong>Informations pratiques <\/strong><\/h2>\n\n\n\n<p class=\"has-text-align-center\">Le cabinet est situ\u00e9 au&nbsp;<strong>175 boulevard Murat, 75016 Paris<\/strong>, o\u00f9 j\u2019exerce aux c\u00f4t\u00e9s de plusieurs confr\u00e8res&nbsp;( ost\u00e9opathes sp\u00e9cialis\u00e9s dans le nouveau-n\u00e9, hypnoth\u00e9rapeute&nbsp;et di\u00e9t\u00e9ticienne-nutritionniste).<\/p>\n\n\n\n<p class=\"has-text-align-center\"><strong>Des places de stationnement<\/strong>&nbsp;sont disponibles devant le cabinet pour les patients venant en voiture. Le cabinet est&nbsp;<strong>facilement accessible en transports en commun<\/strong>, via la&nbsp;<strong>ligne 9 du m\u00e9tro<\/strong>&nbsp;(stations&nbsp;<em>Exelmans<\/em>&nbsp;ou&nbsp;<em>Porte de Saint-Cloud<\/em>) ainsi que par le <strong>tramway T3a<\/strong>&nbsp;(<em>Pont du Garigliano<\/em>).<\/p>\n\n\n\n<p class=\"has-text-align-center\">Je vous accueille \u00e9galement&nbsp;<strong>chaque dernier week-end du mois (samedi et dimanche)<\/strong>&nbsp;au&nbsp;<strong>25 Place du Champ de Foire, 36140 Aigurande<\/strong>.<\/p>\n\n\n\n<p class=\"has-text-align-center\">La <strong>t\u00e9l\u00e9consultation<\/strong> est possible pour les suivis et bilans. <\/p>\n\n\n\n<p class=\"has-text-align-center\">Pour tout questions ou prise de rendez-vous, vous pouvez me contacter dans la rubrique <a href=\"https:\/\/cabinet-souffoy-rittner.com\/index.php\/contact-et-rendez-vous\/\" data-type=\"page\" data-id=\"152\">Contact &amp; Rendez Vous<\/a> ou par t\u00e9l\u00e9phone au &nbsp;<strong><a href=\"tel:06%2015%2045%2023%2012\" target=\"_blank\" rel=\"noreferrer noopener\">06 15 45 23 12<\/a><\/strong>.<\/p>\n","protected":false},"excerpt":{"rendered":"<p>Bienvenue sur le site du Cabinet SOUFFOY-RITTNER Je suis&nbsp;Maxime Souffoy-Rittner, psychologue clinicien sp\u00e9cialis\u00e9 en&nbsp;neuropsychologie de l\u2019enfant, de l\u2019adolescent, de l\u2019adulte et de la personne \u00e2g\u00e9e. Je vous accueille au cabinet pour la&nbsp;r\u00e9alisation d\u2019\u00e9valuations neuropsychologiques&nbsp;destin\u00e9es aux enfants, adolescents et adultes pr\u00e9sentant : un&nbsp;haut potentiel intellectuel, des&nbsp;troubles de la m\u00e9moire, des&nbsp;difficult\u00e9s,&nbsp;des&nbsp;troubles des apprentissages&nbsp;(dyslexie, dyspraxie, dysphasie), des&nbsp;troubles visuoconstructifs, &hellip; <\/p>\n<p class=\"link-more\"><a href=\"https:\/\/cabinet-souffoy-rittner.com\/\" class=\"more-link\">Continuer la lecture<span class=\"screen-reader-text\"> de &laquo;&nbsp;Accueil&nbsp;&raquo;<\/span><\/a><\/p>\n","protected":false},"author":1,"featured_media":0,"parent":0,"menu_order":0,"comment_status":"closed","ping_status":"closed","template":"","meta":{"footnotes":""},"class_list":["post-19","page","type-page","status-publish","hentry"],"_links":{"self":[{"href":"https:\/\/cabinet-souffoy-rittner.com\/index.php\/wp-json\/wp\/v2\/pages\/19","targetHints":{"allow":["GET"]}}],"collection":[{"href":"https:\/\/cabinet-souffoy-rittner.com\/index.php\/wp-json\/wp\/v2\/pages"}],"about":[{"href":"https:\/\/cabinet-souffoy-rittner.com\/index.php\/wp-json\/wp\/v2\/types\/page"}],"author":[{"embeddable":true,"href":"https:\/\/cabinet-souffoy-rittner.com\/index.php\/wp-json\/wp\/v2\/users\/1"}],"replies":[{"embeddable":true,"href":"https:\/\/cabinet-souffoy-rittner.com\/index.php\/wp-json\/wp\/v2\/comments?post=19"}],"version-history":[{"count":67,"href":"https:\/\/cabinet-souffoy-rittner.com\/index.php\/wp-json\/wp\/v2\/pages\/19\/revisions"}],"predecessor-version":[{"id":738,"href":"https:\/\/cabinet-souffoy-rittner.com\/index.php\/wp-json\/wp\/v2\/pages\/19\/revisions\/738"}],"wp:attachment":[{"href":"https:\/\/cabinet-souffoy-rittner.com\/index.php\/wp-json\/wp\/v2\/media?parent=19"}],"curies":[{"name":"wp","href":"https:\/\/api.w.org\/{rel}","templated":true}]}}